{"id":26419,"date":"2018-05-08T17:44:16","date_gmt":"2018-05-08T15:44:16","guid":{"rendered":"https:\/\/teaco.it\/?page_id=26419"},"modified":"2025-10-09T09:08:46","modified_gmt":"2025-10-09T07:08:46","slug":"appuyer","status":"publish","type":"page","link":"https:\/\/teaco.it\/fr\/press\/","title":{"rendered":"PRESS"},"content":{"rendered":"<p>[et_pb_section fb_built=&#8221;1&#8243; custom_padding_last_edited=&#8221;on|phone&#8221; _builder_version=&#8221;4.16&#8243; _module_preset=&#8221;default&#8221; background_image=&#8221;https:\/\/teaco.it\/wp-content\/uploads\/2020\/11\/headerx1x.jpg&#8221; background_size=&#8221;initial&#8221; custom_padding=&#8221;7vw||7vw||true|false&#8221; custom_padding_tablet=&#8221;17vw||17vw||true|false&#8221; custom_padding_phone=&#8221;10vw||10vw||true|false&#8221; bottom_divider_color=&#8221;#c8dae8&#8243; bottom_divider_height=&#8221;45px&#8221; bottom_divider_repeat=&#8221;0x&#8221; background_last_edited=&#8221;on|tablet&#8221; background_size_tablet=&#8221;cover&#8221; background_size_phone=&#8221;cover&#8221; background_position_tablet=&#8221;bottom_left&#8221; background_position_phone=&#8221;bottom_left&#8221; global_colors_info=&#8221;{}&#8221;][et_pb_row use_custom_gutter=&#8221;on&#8221; make_equal=&#8221;on&#8221; _builder_version=&#8221;4.16&#8243; _module_preset=&#8221;default&#8221; custom_margin=&#8221;-35px||||false|false&#8221; custom_padding=&#8221;0px||0px||false|false&#8221; global_colors_info=&#8221;{}&#8221;][et_pb_column type=&#8221;4_4&#8243; module_class=&#8221;vertical-align&#8221; _builder_version=&#8221;4.16&#8243; _module_preset=&#8221;default&#8221; global_colors_info=&#8221;{}&#8221;][et_pb_text _builder_version=&#8221;4.16&#8243; _module_preset=&#8221;default&#8221; header_font=&#8221;Lato|300|||||||&#8221; header_text_align=&#8221;left&#8221; header_text_color=&#8221;#98012d&#8221; header_font_size=&#8221;4em&#8221; custom_margin=&#8221;|||4vw|false|false&#8221; custom_margin_tablet=&#8221;10vw|||0vw|false|false&#8221; custom_margin_phone=&#8221;20vw|||0vw|false|false&#8221; custom_margin_last_edited=&#8221;on|phone&#8221; animation_style=&#8221;slide&#8221; animation_direction=&#8221;left&#8221; header_text_align_tablet=&#8221;center&#8221; header_text_align_phone=&#8221;center&#8221; header_text_align_last_edited=&#8221;on|tablet&#8221; header_font_size_tablet=&#8221;3em&#8221; header_font_size_phone=&#8221;3em&#8221; header_font_size_last_edited=&#8221;on|phone&#8221; global_colors_info=&#8221;{}&#8221;]<\/p>\n<h1>Press<\/h1>\n<p>[\/et_pb_text][\/et_pb_column][\/et_pb_row][\/et_pb_section][et_pb_section fb_built=&#8221;1&#8243; _builder_version=&#8221;4.16&#8243; custom_padding=&#8221;75px||14px|||&#8221; bottom_divider_color=&#8221;#98012d&#8221; global_colors_info=&#8221;{}&#8221;][et_pb_row make_equal=&#8221;on&#8221; _builder_version=&#8221;4.16&#8243; global_colors_info=&#8221;{}&#8221;][et_pb_column type=&#8221;4_4&#8243; _builder_version=&#8221;4.16&#8243; custom_padding=&#8221;|||&#8221; global_colors_info=&#8221;{}&#8221; custom_padding__hover=&#8221;|||&#8221;][et_pb_blog fullwidth=&#8221;off&#8221; posts_number=&#8221;100&#8243; use_manual_excerpt=&#8221;off&#8221; show_author=&#8221;off&#8221; show_date=&#8221;off&#8221; show_categories=&#8221;off&#8221; show_excerpt=&#8221;off&#8221; show_pagination=&#8221;off&#8221; _builder_version=&#8221;4.16&#8243; header_text_align=&#8221;center&#8221; header_text_color=&#8221;#98012d&#8221; header_font_size=&#8221;19px&#8221; pagination_font_size_tablet=&#8221;51&#8243; pagination_line_height_tablet=&#8221;2&#8243; border_width_all=&#8221;20px&#8221; border_color_all=&#8221;#c8dae8&#8243; global_colors_info=&#8221;{}&#8221; border_radii__hover_enabled=&#8221;on|hover&#8221; border_color_all__hover_enabled=&#8221;on|hover&#8221; border_color_all__hover=&#8221;#98012d&#8221; border_width_all__hover_enabled=&#8221;on|hover&#8221; border_width_all__hover=&#8221;20px&#8221; box_shadow_color__hover_enabled=&#8221;on|desktop&#8221; box_shadow_color__hover=&#8221;#98012d&#8221;][\/et_pb_blog][\/et_pb_column][\/et_pb_row][\/et_pb_section]<\/p>\n","protected":false},"excerpt":{"rendered":"<p>PRESS<\/p>","protected":false},"author":1,"featured_media":0,"parent":0,"menu_order":0,"comment_status":"closed","ping_status":"closed","template":"","meta":{"_acf_changed":false,"_et_pb_use_builder":"on","_et_pb_old_content":"","_et_gb_content_width":"","footnotes":""},"class_list":["post-26419","page","type-page","status-publish","hentry"],"acf":[],"yoast_head":"<!-- This site is optimized with the Yoast SEO plugin v27.4 - https:\/\/yoast.com\/product\/yoast-seo-wordpress\/ -->\n<title>Press - Teaco s.p.a<\/title>\n<meta name=\"description\" content=\"Scopri cosa dicono di noi, i premi vinti e tutte le novit\u00e0 da Teaco. In questa sezione sono presenti anche i nostri comunicati.\" \/>\n<meta name=\"robots\" content=\"index, follow, max-snippet:-1, max-image-preview:large, max-video-preview:-1\" \/>\n<link rel=\"canonical\" href=\"https:\/\/teaco.it\/fr\/appuyer\/\" \/>\n<meta property=\"og:locale\" content=\"fr_FR\" \/>\n<meta property=\"og:type\" content=\"article\" \/>\n<meta property=\"og:title\" content=\"Press - Teaco s.p.a\" \/>\n<meta property=\"og:description\" content=\"Scopri cosa dicono di noi, i premi vinti e tutte le novit\u00e0 da Teaco. In questa sezione sono presenti anche i nostri comunicati.\" \/>\n<meta property=\"og:url\" content=\"https:\/\/teaco.it\/fr\/appuyer\/\" \/>\n<meta property=\"og:site_name\" content=\"Teaco s.p.a\" \/>\n<meta property=\"article:modified_time\" content=\"2025-10-09T07:08:46+00:00\" \/>\n<meta name=\"twitter:card\" content=\"summary_large_image\" \/>\n<meta name=\"twitter:label1\" content=\"Dur\u00e9e de lecture estim\u00e9e\" \/>\n\t<meta name=\"twitter:data1\" content=\"3 minutes\" \/>\n<script type=\"application\/ld+json\" class=\"yoast-schema-graph\">{\"@context\":\"https:\\\/\\\/schema.org\",\"@graph\":[{\"@type\":\"WebPage\",\"@id\":\"https:\\\/\\\/teaco.it\\\/press\\\/\",\"url\":\"https:\\\/\\\/teaco.it\\\/press\\\/\",\"name\":\"Press - Teaco s.p.a\",\"isPartOf\":{\"@id\":\"https:\\\/\\\/teaco.it\\\/#website\"},\"datePublished\":\"2018-05-08T15:44:16+00:00\",\"dateModified\":\"2025-10-09T07:08:46+00:00\",\"description\":\"Scopri cosa dicono di noi, i premi vinti e tutte le novit\u00e0 da Teaco. In questa sezione sono presenti anche i nostri comunicati.\",\"breadcrumb\":{\"@id\":\"https:\\\/\\\/teaco.it\\\/press\\\/#breadcrumb\"},\"inLanguage\":\"fr-FR\",\"potentialAction\":[{\"@type\":\"ReadAction\",\"target\":[\"https:\\\/\\\/teaco.it\\\/press\\\/\"]}]},{\"@type\":\"BreadcrumbList\",\"@id\":\"https:\\\/\\\/teaco.it\\\/press\\\/#breadcrumb\",\"itemListElement\":[{\"@type\":\"ListItem\",\"position\":1,\"name\":\"Home\",\"item\":\"https:\\\/\\\/teaco.it\\\/\"},{\"@type\":\"ListItem\",\"position\":2,\"name\":\"Press\"}]},{\"@type\":\"WebSite\",\"@id\":\"https:\\\/\\\/teaco.it\\\/#website\",\"url\":\"https:\\\/\\\/teaco.it\\\/\",\"name\":\"TEACO S.P.A.\",\"description\":\"\",\"publisher\":{\"@id\":\"https:\\\/\\\/teaco.it\\\/#organization\"},\"potentialAction\":[{\"@type\":\"SearchAction\",\"target\":{\"@type\":\"EntryPoint\",\"urlTemplate\":\"https:\\\/\\\/teaco.it\\\/?s={search_term_string}\"},\"query-input\":{\"@type\":\"PropertyValueSpecification\",\"valueRequired\":true,\"valueName\":\"search_term_string\"}}],\"inLanguage\":\"fr-FR\"},{\"@type\":\"Organization\",\"@id\":\"https:\\\/\\\/teaco.it\\\/#organization\",\"name\":\"TEACO S.P.A.\",\"url\":\"https:\\\/\\\/teaco.it\\\/\",\"logo\":{\"@type\":\"ImageObject\",\"inLanguage\":\"fr-FR\",\"@id\":\"https:\\\/\\\/teaco.it\\\/#\\\/schema\\\/logo\\\/image\\\/\",\"url\":\"https:\\\/\\\/teaco.it\\\/wp-content\\\/uploads\\\/2022\\\/11\\\/logo_ok.png\",\"contentUrl\":\"https:\\\/\\\/teaco.it\\\/wp-content\\\/uploads\\\/2022\\\/11\\\/logo_ok.png\",\"width\":274,\"height\":120,\"caption\":\"TEACO S.P.A.\"},\"image\":{\"@id\":\"https:\\\/\\\/teaco.it\\\/#\\\/schema\\\/logo\\\/image\\\/\"}}]}<\/script>\n<!-- \/ Yoast SEO plugin. -->","yoast_head_json":{"title":"Presse - Teaco s.p.a","description":"D\u00e9couvrez ce qu'ils disent de nous, les r\u00e9compenses remport\u00e9es et toutes les actualit\u00e9s de Teaco. Dans cette section, vous trouverez \u00e9galement nos communiqu\u00e9s de presse.","robots":{"index":"index","follow":"follow","max-snippet":"max-snippet:-1","max-image-preview":"max-image-preview:large","max-video-preview":"max-video-preview:-1"},"canonical":"https:\/\/teaco.it\/fr\/appuyer\/","og_locale":"fr_FR","og_type":"article","og_title":"Press - Teaco s.p.a","og_description":"Scopri cosa dicono di noi, i premi vinti e tutte le novit\u00e0 da Teaco. In questa sezione sono presenti anche i nostri comunicati.","og_url":"https:\/\/teaco.it\/fr\/appuyer\/","og_site_name":"Teaco s.p.a","article_modified_time":"2025-10-09T07:08:46+00:00","twitter_card":"summary_large_image","twitter_misc":{"Dur\u00e9e de lecture estim\u00e9e":"3 minutes"},"schema":{"@context":"https:\/\/schema.org","@graph":[{"@type":"WebPage","@id":"https:\/\/teaco.it\/press\/","url":"https:\/\/teaco.it\/press\/","name":"Presse - Teaco s.p.a","isPartOf":{"@id":"https:\/\/teaco.it\/#website"},"datePublished":"2018-05-08T15:44:16+00:00","dateModified":"2025-10-09T07:08:46+00:00","description":"D\u00e9couvrez ce qu'ils disent de nous, les r\u00e9compenses remport\u00e9es et toutes les actualit\u00e9s de Teaco. Dans cette section, vous trouverez \u00e9galement nos communiqu\u00e9s de presse.","breadcrumb":{"@id":"https:\/\/teaco.it\/press\/#breadcrumb"},"inLanguage":"fr-FR","potentialAction":[{"@type":"ReadAction","target":["https:\/\/teaco.it\/press\/"]}]},{"@type":"BreadcrumbList","@id":"https:\/\/teaco.it\/press\/#breadcrumb","itemListElement":[{"@type":"ListItem","position":1,"name":"Home","item":"https:\/\/teaco.it\/"},{"@type":"ListItem","position":2,"name":"Press"}]},{"@type":"WebSite","@id":"https:\/\/teaco.it\/#website","url":"https:\/\/teaco.it\/","name":"TEACO S.P.A.","description":"","publisher":{"@id":"https:\/\/teaco.it\/#organization"},"potentialAction":[{"@type":"SearchAction","target":{"@type":"EntryPoint","urlTemplate":"https:\/\/teaco.it\/?s={search_term_string}"},"query-input":{"@type":"PropertyValueSpecification","valueRequired":true,"valueName":"search_term_string"}}],"inLanguage":"fr-FR"},{"@type":"Organization","@id":"https:\/\/teaco.it\/#organization","name":"TEACO S.P.A.","url":"https:\/\/teaco.it\/","logo":{"@type":"ImageObject","inLanguage":"fr-FR","@id":"https:\/\/teaco.it\/#\/schema\/logo\/image\/","url":"https:\/\/teaco.it\/wp-content\/uploads\/2022\/11\/logo_ok.png","contentUrl":"https:\/\/teaco.it\/wp-content\/uploads\/2022\/11\/logo_ok.png","width":274,"height":120,"caption":"TEACO S.P.A."},"image":{"@id":"https:\/\/teaco.it\/#\/schema\/logo\/image\/"}}]}},"_links":{"self":[{"href":"https:\/\/teaco.it\/fr\/wp-json\/wp\/v2\/pages\/26419","targetHints":{"allow":["GET"]}}],"collection":[{"href":"https:\/\/teaco.it\/fr\/wp-json\/wp\/v2\/pages"}],"about":[{"href":"https:\/\/teaco.it\/fr\/wp-json\/wp\/v2\/types\/page"}],"author":[{"embeddable":true,"href":"https:\/\/teaco.it\/fr\/wp-json\/wp\/v2\/users\/1"}],"replies":[{"embeddable":true,"href":"https:\/\/teaco.it\/fr\/wp-json\/wp\/v2\/comments?post=26419"}],"version-history":[{"count":25,"href":"https:\/\/teaco.it\/fr\/wp-json\/wp\/v2\/pages\/26419\/revisions"}],"predecessor-version":[{"id":51357,"href":"https:\/\/teaco.it\/fr\/wp-json\/wp\/v2\/pages\/26419\/revisions\/51357"}],"wp:attachment":[{"href":"https:\/\/teaco.it\/fr\/wp-json\/wp\/v2\/media?parent=26419"}],"curies":[{"name":"wp","href":"https:\/\/api.w.org\/{rel}","templated":true}]}}