{"id":19,"date":"2018-03-21T07:10:32","date_gmt":"2018-03-21T06:10:32","guid":{"rendered":"https:\/\/teaco.it\/?page_id=19"},"modified":"2026-02-21T10:11:10","modified_gmt":"2026-02-21T09:11:10","slug":"certifications","status":"publish","type":"page","link":"https:\/\/teaco.it\/fr\/certificazioni\/","title":{"rendered":"CERTIFICATIONS"},"content":{"rendered":"<p>[et_pb_section fb_built=&#8221;1&#8243; custom_padding_last_edited=&#8221;on|phone&#8221; _builder_version=&#8221;4.16&#8243; _module_preset=&#8221;default&#8221; background_image=&#8221;https:\/\/teaco.it\/wp-content\/uploads\/2020\/11\/headerx1x.jpg&#8221; background_size=&#8221;initial&#8221; custom_padding=&#8221;7vw||7vw||true|false&#8221; custom_padding_tablet=&#8221;17vw||17vw||true|false&#8221; custom_padding_phone=&#8221;10vw||10vw||true|false&#8221; bottom_divider_color=&#8221;#c8dae8&#8243; bottom_divider_height=&#8221;45px&#8221; bottom_divider_repeat=&#8221;0x&#8221; background_last_edited=&#8221;on|tablet&#8221; background_size_tablet=&#8221;cover&#8221; background_size_phone=&#8221;cover&#8221; background_position_tablet=&#8221;bottom_left&#8221; background_position_phone=&#8221;bottom_left&#8221; global_colors_info=&#8221;{}&#8221;][et_pb_row use_custom_gutter=&#8221;on&#8221; make_equal=&#8221;on&#8221; _builder_version=&#8221;4.16&#8243; _module_preset=&#8221;default&#8221; custom_margin=&#8221;-35px||||false|false&#8221; custom_padding=&#8221;0px||0px||false|false&#8221; global_colors_info=&#8221;{}&#8221;][et_pb_column type=&#8221;4_4&#8243; module_class=&#8221;vertical-align&#8221; _builder_version=&#8221;4.16&#8243; _module_preset=&#8221;default&#8221; global_colors_info=&#8221;{}&#8221;][et_pb_text admin_label=&#8221;Testo&#8221; _builder_version=&#8221;4.16&#8243; _module_preset=&#8221;default&#8221; header_font=&#8221;Lato|300|||||||&#8221; header_text_align=&#8221;left&#8221; header_text_color=&#8221;#98012d&#8221; header_font_size=&#8221;4em&#8221; custom_margin=&#8221;|||4vw|false|false&#8221; custom_margin_tablet=&#8221;10vw|||0vw|false|false&#8221; custom_margin_phone=&#8221;20vw|||0vw|false|false&#8221; custom_margin_last_edited=&#8221;on|phone&#8221; animation_style=&#8221;slide&#8221; animation_direction=&#8221;left&#8221; header_text_align_tablet=&#8221;center&#8221; header_text_align_phone=&#8221;center&#8221; header_text_align_last_edited=&#8221;on|tablet&#8221; header_font_size_tablet=&#8221;3em&#8221; header_font_size_phone=&#8221;2em&#8221; header_font_size_last_edited=&#8221;on|phone&#8221; global_colors_info=&#8221;{}&#8221;]<\/p>\n<h1>Certificazioni<\/h1>\n<p>[\/et_pb_text][\/et_pb_column][\/et_pb_row][\/et_pb_section][et_pb_section fb_built=&#8221;1&#8243; _builder_version=&#8221;4.16&#8243; custom_padding=&#8221;79px||43px|||&#8221; bottom_divider_color=&#8221;#98012d&#8221; collapsed=&#8221;off&#8221; global_colors_info=&#8221;{}&#8221;][et_pb_row column_structure=&#8221;1_2,1_2&#8243; _builder_version=&#8221;4.16&#8243; _module_preset=&#8221;default&#8221; custom_padding=&#8221;||0px|||&#8221; global_colors_info=&#8221;{}&#8221;][et_pb_column type=&#8221;1_2&#8243; _builder_version=&#8221;4.16&#8243; _module_preset=&#8221;default&#8221; global_colors_info=&#8221;{}&#8221;][et_pb_text _builder_version=&#8221;4.16&#8243; _module_preset=&#8221;default&#8221; ul_line_height=&#8221;2.8em&#8221; header_3_text_color=&#8221;#98012d&#8221; global_colors_info=&#8221;{}&#8221;]<\/p>\n<h3 class=\"col1\">REQUISITI AZIENDALI:<\/h3>\n<ul>\n<li type=\"circle\">Dal 1976 iscritta alla Camera di commercio di Milano nr. 927673<\/li>\n<li type=\"circle\">La societ\u00e0 \u00e8 in possesso dei requisiti tecnici previsti dal DM legge 37\/08 lettere: A, B, C, D, E, F, G.<\/li>\n<li type=\"circle\">Attestazione Bentley SOA n. 29769\/35\/00 cat. OG10 (III), OG11 (V)<\/li>\n<li type=\"circle\">Sistema Qualit\u00e0 Certificato UNI EN ISO 9001:2008 CSICERT n. SQ 00378\/B<\/li>\n<li type=\"circle\">Certificazione della salute e sicurezza UNI ISO 45001:2018<\/li>\n<li type=\"circle\">Sistema Qualit\u00e0 Certificato UNI EN ISO 14001:2004 \u201cSistema Gestione Ambientale\u201d<\/li>\n<li type=\"circle\">Certificazione FGAS No.20671-2107018<\/li>\n<li type=\"circle\">Modello organizzativo 231<\/li>\n<li type=\"circle\">Iscrizione nell&#8217;elenco provinciale dei fornitori c.d. White List<\/li>\n<li type=\"circle\">Rating legalit\u00e0 : <img decoding=\"async\" class=\"wp-image-26837 alignnone size-full\" src=\"https:\/\/teaco.it\/wp-content\/uploads\/2019\/04\/star.png\" alt=\"\" width=\"16\" height=\"16\" srcset=\"https:\/\/teaco.it\/wp-content\/uploads\/2019\/04\/star.png 200w, https:\/\/teaco.it\/wp-content\/uploads\/2019\/04\/star-150x150.png 150w, https:\/\/teaco.it\/wp-content\/uploads\/2019\/04\/star-24x24.png 24w, https:\/\/teaco.it\/wp-content\/uploads\/2019\/04\/star-36x36.png 36w, https:\/\/teaco.it\/wp-content\/uploads\/2019\/04\/star-48x48.png 48w\" sizes=\"(max-width: 16px) 100vw, 16px\" \/><img decoding=\"async\" src=\"https:\/\/teaco.it\/wp-content\/uploads\/2019\/04\/star.png\" width=\"16\" height=\"16\" \/><img decoding=\"async\" src=\"https:\/\/teaco.it\/wp-content\/uploads\/2019\/04\/star.png\" width=\"16\" height=\"16\" \/><\/li>\n<\/ul>\n<p>[\/et_pb_text][\/et_pb_column][et_pb_column type=&#8221;1_2&#8243; _builder_version=&#8221;4.16&#8243; _module_preset=&#8221;default&#8221; global_colors_info=&#8221;{}&#8221;][et_pb_image src=&#8221;https:\/\/teaco.it\/wp-content\/uploads\/2020\/11\/foto-certificazioni.jpg&#8221; title_text=&#8221;foto-certificazioni&#8221; align=&#8221;right&#8221; force_fullwidth=&#8221;on&#8221; _builder_version=&#8221;4.16&#8243; _module_preset=&#8221;default&#8221; border_width_all=&#8221;20px&#8221; border_color_all=&#8221;#c8dae8&#8243; global_colors_info=&#8221;{}&#8221;][\/et_pb_image][\/et_pb_column][\/et_pb_row][et_pb_row make_equal=&#8221;on&#8221; _builder_version=&#8221;4.16&#8243; custom_padding=&#8221;60px||60px||true|&#8221; global_colors_info=&#8221;{}&#8221;][et_pb_column type=&#8221;4_4&#8243; _builder_version=&#8221;4.16&#8243; custom_padding=&#8221;|||&#8221; global_colors_info=&#8221;{}&#8221; custom_padding__hover=&#8221;|||&#8221;][et_pb_text _builder_version=&#8221;4.16&#8243; text_text_color=&#8221;#99141e&#8221; text_line_height=&#8221;2em&#8221; header_text_align=&#8221;center&#8221; header_text_color=&#8221;#99141e&#8221; header_line_height=&#8221;1.7em&#8221; header_5_text_align=&#8221;center&#8221; header_5_text_color=&#8221;#99141e&#8221; header_5_line_height=&#8221;1.7em&#8221; text_orientation=&#8221;center&#8221; global_colors_info=&#8221;{}&#8221;]<\/p>\n<h5>Visualizza e scarica le certificazioni<\/h5>\n<p>[\/et_pb_text][\/et_pb_column][\/et_pb_row][et_pb_row column_structure=&#8221;1_5,1_5,1_5,1_5,1_5&#8243; use_custom_gutter=&#8221;on&#8221; gutter_width=&#8221;2&#8243; make_equal=&#8221;on&#8221; _builder_version=&#8221;4.16&#8243; _module_preset=&#8221;default&#8221; global_colors_info=&#8221;{}&#8221;][et_pb_column type=&#8221;1_5&#8243; _builder_version=&#8221;4.16&#8243; _module_preset=&#8221;default&#8221; global_colors_info=&#8221;{}&#8221;][et_pb_image src=&#8221;https:\/\/teaco.it\/wp-content\/uploads\/2025\/03\/whistlink.png&#8221; title_text=&#8221;whistlink&#8221; url=&#8221;https:\/\/teaco.it\/wp-content\/uploads\/2025\/11\/TEA_CO_SPA_certificate.pdf&#8221; url_new_window=&#8221;on&#8221; align=&#8221;center&#8221; align_tablet=&#8221;center&#8221; align_phone=&#8221;&#8221; align_last_edited=&#8221;on|desktop&#8221; _builder_version=&#8221;4.27.4&#8243; max_width=&#8221;70%&#8221; global_colors_info=&#8221;{}&#8221;][\/et_pb_image][\/et_pb_column][et_pb_column type=&#8221;1_5&#8243; _builder_version=&#8221;4.16&#8243; _module_preset=&#8221;default&#8221; global_colors_info=&#8221;{}&#8221;][et_pb_image src=&#8221;https:\/\/teaco.it\/wp-content\/uploads\/2020\/11\/durc.png&#8221; title_text=&#8221;durc&#8221; url=&#8221;https:\/\/teaco.it\/certificati\/DURC.pdf&#8221; url_new_window=&#8221;on&#8221; align=&#8221;center&#8221; align_tablet=&#8221;center&#8221; align_phone=&#8221;&#8221; align_last_edited=&#8221;on|desktop&#8221; _builder_version=&#8221;4.23.4&#8243; max_width=&#8221;70%&#8221; global_colors_info=&#8221;{}&#8221;][\/et_pb_image][\/et_pb_column][et_pb_column type=&#8221;1_5&#8243; _builder_version=&#8221;4.16&#8243; _module_preset=&#8221;default&#8221; global_colors_info=&#8221;{}&#8221;][et_pb_image src=&#8221;https:\/\/teaco.it\/wp-content\/uploads\/2021\/07\/4x.png&#8221; title_text=&#8221;4x&#8221; url=&#8221;https:\/\/teaco.it\/certificati\/Codice-Etico-Teaco.pdf&#8221; url_new_window=&#8221;on&#8221; align=&#8221;center&#8221; align_tablet=&#8221;center&#8221; align_phone=&#8221;&#8221; align_last_edited=&#8221;on|desktop&#8221; _builder_version=&#8221;4.23.4&#8243; max_width=&#8221;70%&#8221; global_colors_info=&#8221;{}&#8221;][\/et_pb_image][\/et_pb_column][et_pb_column type=&#8221;1_5&#8243; _builder_version=&#8221;4.16&#8243; _module_preset=&#8221;default&#8221; global_colors_info=&#8221;{}&#8221;][et_pb_image src=&#8221;https:\/\/teaco.it\/wp-content\/uploads\/2021\/07\/9001_x.png&#8221; title_text=&#8221;9001_x&#8221; url=&#8221;https:\/\/teaco.it\/certificati\/ISO9001.pdf&#8221; url_new_window=&#8221;on&#8221; align=&#8221;center&#8221; align_tablet=&#8221;center&#8221; align_phone=&#8221;&#8221; align_last_edited=&#8221;on|desktop&#8221; _builder_version=&#8221;4.23.4&#8243; max_width=&#8221;70%&#8221; global_colors_info=&#8221;{}&#8221;][\/et_pb_image][\/et_pb_column][et_pb_column type=&#8221;1_5&#8243; _builder_version=&#8221;4.16&#8243; _module_preset=&#8221;default&#8221; global_colors_info=&#8221;{}&#8221;][et_pb_image src=&#8221;https:\/\/teaco.it\/wp-content\/uploads\/2020\/11\/6.png&#8221; title_text=&#8221;6&#8243; url=&#8221;https:\/\/teaco.it\/certificati\/SOA.pdf&#8221; url_new_window=&#8221;on&#8221; align=&#8221;center&#8221; align_tablet=&#8221;center&#8221; align_phone=&#8221;&#8221; align_last_edited=&#8221;on|desktop&#8221; _builder_version=&#8221;4.23.4&#8243; max_width=&#8221;70%&#8221; global_colors_info=&#8221;{}&#8221;][\/et_pb_image][\/et_pb_column][\/et_pb_row][et_pb_row column_structure=&#8221;1_5,1_5,1_5,1_5,1_5&#8243; use_custom_gutter=&#8221;on&#8221; gutter_width=&#8221;2&#8243; make_equal=&#8221;on&#8221; _builder_version=&#8221;4.16&#8243; _module_preset=&#8221;default&#8221; global_colors_info=&#8221;{}&#8221;][et_pb_column type=&#8221;1_5&#8243; _builder_version=&#8221;4.16&#8243; _module_preset=&#8221;default&#8221; global_colors_info=&#8221;{}&#8221;][et_pb_image src=&#8221;https:\/\/teaco.it\/wp-content\/uploads\/2020\/11\/7.png&#8221; title_text=&#8221;7&#8243; url=&#8221;https:\/\/teaco.it\/certificati\/ALBO_NAZ_GEST_AMB.pdf&#8221; url_new_window=&#8221;on&#8221; align=&#8221;center&#8221; align_tablet=&#8221;center&#8221; align_phone=&#8221;&#8221; align_last_edited=&#8221;on|desktop&#8221; _builder_version=&#8221;4.23.4&#8243; max_width=&#8221;70%&#8221; global_colors_info=&#8221;{}&#8221;][\/et_pb_image][\/et_pb_column][et_pb_column type=&#8221;1_5&#8243; _builder_version=&#8221;4.16&#8243; _module_preset=&#8221;default&#8221; global_colors_info=&#8221;{}&#8221;][et_pb_image src=&#8221;https:\/\/teaco.it\/wp-content\/uploads\/2020\/11\/8.png&#8221; title_text=&#8221;8&#8243; url=&#8221;https:\/\/teaco.it\/certificati\/BSOHSAS18001.pdf&#8221; url_new_window=&#8221;on&#8221; align=&#8221;center&#8221; align_tablet=&#8221;center&#8221; align_phone=&#8221;&#8221; align_last_edited=&#8221;on|desktop&#8221; _builder_version=&#8221;4.23.4&#8243; max_width=&#8221;70%&#8221; global_colors_info=&#8221;{}&#8221;][\/et_pb_image][\/et_pb_column][et_pb_column type=&#8221;1_5&#8243; _builder_version=&#8221;4.16&#8243; _module_preset=&#8221;default&#8221; global_colors_info=&#8221;{}&#8221;][et_pb_image src=&#8221;https:\/\/teaco.it\/wp-content\/uploads\/2021\/07\/14_x.png&#8221; title_text=&#8221;14_x&#8221; url=&#8221;https:\/\/teaco.it\/certificati\/ISO14001SGA17263_AMB_01.pdf&#8221; url_new_window=&#8221;on&#8221; align=&#8221;center&#8221; align_tablet=&#8221;center&#8221; align_phone=&#8221;&#8221; align_last_edited=&#8221;on|desktop&#8221; _builder_version=&#8221;4.23.4&#8243; max_width=&#8221;70%&#8221; global_colors_info=&#8221;{}&#8221;][\/et_pb_image][\/et_pb_column][et_pb_column type=&#8221;1_5&#8243; _builder_version=&#8221;4.16&#8243; _module_preset=&#8221;default&#8221; global_colors_info=&#8221;{}&#8221;][et_pb_image src=&#8221;https:\/\/teaco.it\/wp-content\/uploads\/2021\/07\/10&#215;1.png&#8221; title_text=&#8221;10&#215;1&#8243; url=&#8221;https:\/\/teaco.it\/certificati\/FGAS150018.pdf&#8221; url_new_window=&#8221;on&#8221; align=&#8221;center&#8221; align_tablet=&#8221;center&#8221; align_phone=&#8221;&#8221; align_last_edited=&#8221;on|desktop&#8221; _builder_version=&#8221;4.23.4&#8243; max_width=&#8221;70%&#8221; global_colors_info=&#8221;{}&#8221;][\/et_pb_image][\/et_pb_column][et_pb_column type=&#8221;1_5&#8243; _builder_version=&#8221;4.16&#8243; _module_preset=&#8221;default&#8221; global_colors_info=&#8221;{}&#8221;][et_pb_image src=&#8221;https:\/\/teaco.it\/wp-content\/uploads\/2020\/11\/1.png&#8221; title_text=&#8221;1&#8243; url=&#8221;https:\/\/teaco.it\/certificati\/white_list.pdf&#8221; url_new_window=&#8221;on&#8221; align=&#8221;center&#8221; _builder_version=&#8221;4.23.4&#8243; width=&#8221;70%&#8221; module_alignment=&#8221;center&#8221; global_colors_info=&#8221;{}&#8221;][\/et_pb_image][\/et_pb_column][\/et_pb_row][et_pb_row column_structure=&#8221;1_5,1_5,1_5,1_5,1_5&#8243; use_custom_gutter=&#8221;on&#8221; gutter_width=&#8221;2&#8243; make_equal=&#8221;on&#8221; _builder_version=&#8221;4.16&#8243; _module_preset=&#8221;default&#8221; global_colors_info=&#8221;{}&#8221;][et_pb_column type=&#8221;1_5&#8243; _builder_version=&#8221;4.16&#8243; _module_preset=&#8221;default&#8221; global_colors_info=&#8221;{}&#8221;][et_pb_image src=&#8221;https:\/\/teaco.it\/wp-content\/uploads\/2021\/12\/11x.png&#8221; title_text=&#8221;11x&#8221; url=&#8221;https:\/\/teaco.it\/certificati\/ESG_Certification_202112221057.pdf&#8221; url_new_window=&#8221;on&#8221; align=&#8221;center&#8221; align_tablet=&#8221;center&#8221; align_phone=&#8221;&#8221; align_last_edited=&#8221;on|desktop&#8221; _builder_version=&#8221;4.23.4&#8243; max_width=&#8221;70%&#8221; global_colors_info=&#8221;{}&#8221;][\/et_pb_image][\/et_pb_column][et_pb_column type=&#8221;1_5&#8243; _builder_version=&#8221;4.16&#8243; _module_preset=&#8221;default&#8221; global_colors_info=&#8221;{}&#8221;][et_pb_image src=&#8221;https:\/\/teaco.it\/wp-content\/uploads\/2022\/11\/cribis_x.png&#8221; title_text=&#8221;cribis_x&#8221; url=&#8221;https:\/\/teaco.it\/certificati\/cribis.pdf&#8221; url_new_window=&#8221;on&#8221; align=&#8221;center&#8221; align_tablet=&#8221;center&#8221; align_phone=&#8221;&#8221; align_last_edited=&#8221;on|desktop&#8221; admin_label=&#8221;Immagine&#8221; _builder_version=&#8221;4.23.4&#8243; max_width=&#8221;70%&#8221; global_colors_info=&#8221;{}&#8221;][\/et_pb_image][\/et_pb_column][et_pb_column type=&#8221;1_5&#8243; _builder_version=&#8221;4.16&#8243; _module_preset=&#8221;default&#8221; global_colors_info=&#8221;{}&#8221;][et_pb_image src=&#8221;https:\/\/teaco.it\/wp-content\/uploads\/2026\/02\/synesgy1.png&#8221; title_text=&#8221;synesgy1&#8243; url=&#8221;https:\/\/teaco.it\/certificati\/synesgy_e_report_sostenibilita.pdf&#8221; url_new_window=&#8221;on&#8221; align=&#8221;center&#8221; align_tablet=&#8221;center&#8221; align_phone=&#8221;&#8221; align_last_edited=&#8221;on|desktop&#8221; admin_label=&#8221;Immagine&#8221; _builder_version=&#8221;4.27.5&#8243; max_width=&#8221;70%&#8221; hover_enabled=&#8221;0&#8243; global_colors_info=&#8221;{}&#8221; sticky_enabled=&#8221;0&#8243;][\/et_pb_image][\/et_pb_column][et_pb_column type=&#8221;1_5&#8243; _builder_version=&#8221;4.16&#8243; _module_preset=&#8221;default&#8221; global_colors_info=&#8221;{}&#8221;][et_pb_image src=&#8221;https:\/\/teaco.it\/wp-content\/uploads\/2021\/01\/2X.png&#8221; title_text=&#8221;2X&#8221; url=&#8221;https:\/\/teaco.it\/certificati\/RT9296-ATTRIBUZIONE-RATING-LEGALITA.pdf&#8221; url_new_window=&#8221;on&#8221; align=&#8221;center&#8221; align_tablet=&#8221;center&#8221; align_phone=&#8221;&#8221; align_last_edited=&#8221;on|desktop&#8221; _builder_version=&#8221;4.23.4&#8243; max_width=&#8221;70%&#8221; global_colors_info=&#8221;{}&#8221;][\/et_pb_image][\/et_pb_column][et_pb_column type=&#8221;1_5&#8243; _builder_version=&#8221;4.16&#8243; _module_preset=&#8221;default&#8221; global_colors_info=&#8221;{}&#8221;][\/et_pb_column][\/et_pb_row][\/et_pb_section]<\/p>\n","protected":false},"excerpt":{"rendered":"<p>CertificazioniREQUISITI AZIENDALI: Dal 1976 iscritta alla Camera di commercio di Milano nr. 927673 La societ\u00e0 \u00e8 in possesso dei requisiti tecnici previsti dal DM legge 37\/08 lettere: A, B, C, D, E, F, G. Attestazione Bentley SOA n. 29769\/35\/00 cat. OG10 (III), OG11 (V) Sistema Qualit\u00e0 Certificato UNI EN ISO 9001:2008 CSICERT n. SQ 00378\/B [&hellip;]<\/p>\n","protected":false},"author":1,"featured_media":0,"parent":0,"menu_order":0,"comment_status":"closed","ping_status":"closed","template":"","meta":{"_acf_changed":false,"_et_pb_use_builder":"on","_et_pb_old_content":"","_et_gb_content_width":"","footnotes":""},"class_list":["post-19","page","type-page","status-publish","hentry"],"acf":[],"yoast_head":"<!-- This site is optimized with the Yoast SEO plugin v27.4 - https:\/\/yoast.com\/product\/yoast-seo-wordpress\/ -->\n<title>Certificazioni SOA, UNI EN ISO, FGAS - Teaco s.p.a<\/title>\n<meta name=\"description\" content=\"Attestazione Bentley SOA, Certificazione FGAS e certificazioni UNI EN ISO 9001:2008, 45001:2018, 14001:2004. Rating legalit\u00e0 3 stelle.\" \/>\n<meta name=\"robots\" content=\"index, follow, max-snippet:-1, max-image-preview:large, max-video-preview:-1\" \/>\n<link rel=\"canonical\" href=\"https:\/\/teaco.it\/fr\/certifications\/\" \/>\n<meta property=\"og:locale\" content=\"fr_FR\" \/>\n<meta property=\"og:type\" content=\"article\" \/>\n<meta property=\"og:title\" content=\"Certificazioni SOA, UNI EN ISO, FGAS - Teaco s.p.a\" \/>\n<meta property=\"og:description\" content=\"Attestazione Bentley SOA, Certificazione FGAS e certificazioni UNI EN ISO 9001:2008, 45001:2018, 14001:2004. Rating legalit\u00e0 3 stelle.\" \/>\n<meta property=\"og:url\" content=\"https:\/\/teaco.it\/fr\/certifications\/\" \/>\n<meta property=\"og:site_name\" content=\"Teaco s.p.a\" \/>\n<meta property=\"article:modified_time\" content=\"2026-02-21T09:11:10+00:00\" \/>\n<meta property=\"og:image\" content=\"https:\/\/teaco.it\/wp-content\/uploads\/2019\/04\/star.png\" \/>\n<meta name=\"twitter:card\" content=\"summary_large_image\" \/>\n<meta name=\"twitter:label1\" content=\"Dur\u00e9e de lecture estim\u00e9e\" \/>\n\t<meta name=\"twitter:data1\" content=\"5 minutes\" \/>\n<script type=\"application\/ld+json\" class=\"yoast-schema-graph\">{\"@context\":\"https:\\\/\\\/schema.org\",\"@graph\":[{\"@type\":\"WebPage\",\"@id\":\"https:\\\/\\\/teaco.it\\\/certificazioni\\\/\",\"url\":\"https:\\\/\\\/teaco.it\\\/certificazioni\\\/\",\"name\":\"Certificazioni SOA, UNI EN ISO, FGAS - Teaco s.p.a\",\"isPartOf\":{\"@id\":\"https:\\\/\\\/teaco.it\\\/#website\"},\"primaryImageOfPage\":{\"@id\":\"https:\\\/\\\/teaco.it\\\/certificazioni\\\/#primaryimage\"},\"image\":{\"@id\":\"https:\\\/\\\/teaco.it\\\/certificazioni\\\/#primaryimage\"},\"thumbnailUrl\":\"https:\\\/\\\/teaco.it\\\/wp-content\\\/uploads\\\/2019\\\/04\\\/star.png\",\"datePublished\":\"2018-03-21T06:10:32+00:00\",\"dateModified\":\"2026-02-21T09:11:10+00:00\",\"description\":\"Attestazione Bentley SOA, Certificazione FGAS e certificazioni UNI EN ISO 9001:2008, 45001:2018, 14001:2004. Rating legalit\u00e0 3 stelle.\",\"breadcrumb\":{\"@id\":\"https:\\\/\\\/teaco.it\\\/certificazioni\\\/#breadcrumb\"},\"inLanguage\":\"fr-FR\",\"potentialAction\":[{\"@type\":\"ReadAction\",\"target\":[\"https:\\\/\\\/teaco.it\\\/certificazioni\\\/\"]}]},{\"@type\":\"ImageObject\",\"inLanguage\":\"fr-FR\",\"@id\":\"https:\\\/\\\/teaco.it\\\/certificazioni\\\/#primaryimage\",\"url\":\"https:\\\/\\\/teaco.it\\\/wp-content\\\/uploads\\\/2019\\\/04\\\/star.png\",\"contentUrl\":\"https:\\\/\\\/teaco.it\\\/wp-content\\\/uploads\\\/2019\\\/04\\\/star.png\"},{\"@type\":\"BreadcrumbList\",\"@id\":\"https:\\\/\\\/teaco.it\\\/certificazioni\\\/#breadcrumb\",\"itemListElement\":[{\"@type\":\"ListItem\",\"position\":1,\"name\":\"Home\",\"item\":\"https:\\\/\\\/teaco.it\\\/\"},{\"@type\":\"ListItem\",\"position\":2,\"name\":\"Certificazioni\"}]},{\"@type\":\"WebSite\",\"@id\":\"https:\\\/\\\/teaco.it\\\/#website\",\"url\":\"https:\\\/\\\/teaco.it\\\/\",\"name\":\"TEACO S.P.A.\",\"description\":\"\",\"publisher\":{\"@id\":\"https:\\\/\\\/teaco.it\\\/#organization\"},\"potentialAction\":[{\"@type\":\"SearchAction\",\"target\":{\"@type\":\"EntryPoint\",\"urlTemplate\":\"https:\\\/\\\/teaco.it\\\/?s={search_term_string}\"},\"query-input\":{\"@type\":\"PropertyValueSpecification\",\"valueRequired\":true,\"valueName\":\"search_term_string\"}}],\"inLanguage\":\"fr-FR\"},{\"@type\":\"Organization\",\"@id\":\"https:\\\/\\\/teaco.it\\\/#organization\",\"name\":\"TEACO S.P.A.\",\"url\":\"https:\\\/\\\/teaco.it\\\/\",\"logo\":{\"@type\":\"ImageObject\",\"inLanguage\":\"fr-FR\",\"@id\":\"https:\\\/\\\/teaco.it\\\/#\\\/schema\\\/logo\\\/image\\\/\",\"url\":\"https:\\\/\\\/teaco.it\\\/wp-content\\\/uploads\\\/2022\\\/11\\\/logo_ok.png\",\"contentUrl\":\"https:\\\/\\\/teaco.it\\\/wp-content\\\/uploads\\\/2022\\\/11\\\/logo_ok.png\",\"width\":274,\"height\":120,\"caption\":\"TEACO S.P.A.\"},\"image\":{\"@id\":\"https:\\\/\\\/teaco.it\\\/#\\\/schema\\\/logo\\\/image\\\/\"}}]}<\/script>\n<!-- \/ Yoast SEO plugin. -->","yoast_head_json":{"title":"Certifications SOA, UNI EN ISO, FGAS - Teaco s.p.a","description":"Certification Bentley SOA, certification FGAS et certifications UNI EN ISO 9001\u00a0: 2008, 45001\u00a0: 2018, 14001\u00a0: 2004. Note de l\u00e9galit\u00e9 3 \u00e9toiles.","robots":{"index":"index","follow":"follow","max-snippet":"max-snippet:-1","max-image-preview":"max-image-preview:large","max-video-preview":"max-video-preview:-1"},"canonical":"https:\/\/teaco.it\/fr\/certifications\/","og_locale":"fr_FR","og_type":"article","og_title":"Certificazioni SOA, UNI EN ISO, FGAS - Teaco s.p.a","og_description":"Attestazione Bentley SOA, Certificazione FGAS e certificazioni UNI EN ISO 9001:2008, 45001:2018, 14001:2004. Rating legalit\u00e0 3 stelle.","og_url":"https:\/\/teaco.it\/fr\/certifications\/","og_site_name":"Teaco s.p.a","article_modified_time":"2026-02-21T09:11:10+00:00","og_image":[{"url":"https:\/\/teaco.it\/wp-content\/uploads\/2019\/04\/star.png","type":"","width":"","height":""}],"twitter_card":"summary_large_image","twitter_misc":{"Dur\u00e9e de lecture estim\u00e9e":"5 minutes"},"schema":{"@context":"https:\/\/schema.org","@graph":[{"@type":"WebPage","@id":"https:\/\/teaco.it\/certificazioni\/","url":"https:\/\/teaco.it\/certificazioni\/","name":"Certifications SOA, UNI EN ISO, FGAS - Teaco s.p.a","isPartOf":{"@id":"https:\/\/teaco.it\/#website"},"primaryImageOfPage":{"@id":"https:\/\/teaco.it\/certificazioni\/#primaryimage"},"image":{"@id":"https:\/\/teaco.it\/certificazioni\/#primaryimage"},"thumbnailUrl":"https:\/\/teaco.it\/wp-content\/uploads\/2019\/04\/star.png","datePublished":"2018-03-21T06:10:32+00:00","dateModified":"2026-02-21T09:11:10+00:00","description":"Certification Bentley SOA, certification FGAS et certifications UNI EN ISO 9001\u00a0: 2008, 45001\u00a0: 2018, 14001\u00a0: 2004. Note de l\u00e9galit\u00e9 3 \u00e9toiles.","breadcrumb":{"@id":"https:\/\/teaco.it\/certificazioni\/#breadcrumb"},"inLanguage":"fr-FR","potentialAction":[{"@type":"ReadAction","target":["https:\/\/teaco.it\/certificazioni\/"]}]},{"@type":"ImageObject","inLanguage":"fr-FR","@id":"https:\/\/teaco.it\/certificazioni\/#primaryimage","url":"https:\/\/teaco.it\/wp-content\/uploads\/2019\/04\/star.png","contentUrl":"https:\/\/teaco.it\/wp-content\/uploads\/2019\/04\/star.png"},{"@type":"BreadcrumbList","@id":"https:\/\/teaco.it\/certificazioni\/#breadcrumb","itemListElement":[{"@type":"ListItem","position":1,"name":"Home","item":"https:\/\/teaco.it\/"},{"@type":"ListItem","position":2,"name":"Certificazioni"}]},{"@type":"WebSite","@id":"https:\/\/teaco.it\/#website","url":"https:\/\/teaco.it\/","name":"TEACO S.P.A.","description":"","publisher":{"@id":"https:\/\/teaco.it\/#organization"},"potentialAction":[{"@type":"SearchAction","target":{"@type":"EntryPoint","urlTemplate":"https:\/\/teaco.it\/?s={search_term_string}"},"query-input":{"@type":"PropertyValueSpecification","valueRequired":true,"valueName":"search_term_string"}}],"inLanguage":"fr-FR"},{"@type":"Organization","@id":"https:\/\/teaco.it\/#organization","name":"TEACO S.P.A.","url":"https:\/\/teaco.it\/","logo":{"@type":"ImageObject","inLanguage":"fr-FR","@id":"https:\/\/teaco.it\/#\/schema\/logo\/image\/","url":"https:\/\/teaco.it\/wp-content\/uploads\/2022\/11\/logo_ok.png","contentUrl":"https:\/\/teaco.it\/wp-content\/uploads\/2022\/11\/logo_ok.png","width":274,"height":120,"caption":"TEACO S.P.A."},"image":{"@id":"https:\/\/teaco.it\/#\/schema\/logo\/image\/"}}]}},"_links":{"self":[{"href":"https:\/\/teaco.it\/fr\/wp-json\/wp\/v2\/pages\/19","targetHints":{"allow":["GET"]}}],"collection":[{"href":"https:\/\/teaco.it\/fr\/wp-json\/wp\/v2\/pages"}],"about":[{"href":"https:\/\/teaco.it\/fr\/wp-json\/wp\/v2\/types\/page"}],"author":[{"embeddable":true,"href":"https:\/\/teaco.it\/fr\/wp-json\/wp\/v2\/users\/1"}],"replies":[{"embeddable":true,"href":"https:\/\/teaco.it\/fr\/wp-json\/wp\/v2\/comments?post=19"}],"version-history":[{"count":96,"href":"https:\/\/teaco.it\/fr\/wp-json\/wp\/v2\/pages\/19\/revisions"}],"predecessor-version":[{"id":51648,"href":"https:\/\/teaco.it\/fr\/wp-json\/wp\/v2\/pages\/19\/revisions\/51648"}],"wp:attachment":[{"href":"https:\/\/teaco.it\/fr\/wp-json\/wp\/v2\/media?parent=19"}],"curies":[{"name":"wp","href":"https:\/\/api.w.org\/{rel}","templated":true}]}}